{"id":6966,"date":"2026-05-13T16:35:50","date_gmt":"2026-05-13T14:35:50","guid":{"rendered":"https:\/\/rosabelle-lingerie.ch\/?post_type=product&#038;p=6966"},"modified":"2026-05-13T16:41:41","modified_gmt":"2026-05-13T14:41:41","slug":"maillot-de-bain-anita-pour-prothese-style-bari","status":"publish","type":"product","link":"https:\/\/rosabelle-lingerie.ch\/?product=maillot-de-bain-anita-pour-prothese-style-bari","title":{"rendered":"Maillot de bain Anita pour proth\u00e8se, Style Bari"},"content":{"rendered":"<p>Le maillot de bain tout en modernit\u00e9 Bari pr\u00e9sente une encolure haute. Il est dot\u00e9 de coques souples et de d\u00e9coupes, sans oublier les brides fantaisie. Le dos nu vient encore rehausser ce look qui ne passe pas inaper\u00e7u<\/p>\n","protected":false},"excerpt":{"rendered":"<p>Le maillot de bain tout en modernit\u00e9 Bari pr\u00e9sente une encolure haute. Il est dot\u00e9 de coques souples et de d\u00e9coupes, sans oublier les brides fantaisie. Le dos nu vient encore rehausser ce look qui ne passe pas inaper\u00e7u<\/p>\n","protected":false},"featured_media":6969,"comment_status":"open","ping_status":"closed","template":"","meta":[],"product_brand":[],"product_cat":[20,185,394],"product_tag":[],"class_list":{"0":"post-6966","1":"product","2":"type-product","3":"status-publish","4":"has-post-thumbnail","6":"product_cat-maillot-bain","7":"product_cat-mode-fashion","8":"product_cat-nouveautes","9":"pa_sizes-36b","10":"pa_sizes-40b","11":"pa_sizes-44b","12":"latest_post","14":"first","15":"instock","16":"shipping-taxable","17":"purchasable","18":"product-type-variable"},"_links":{"self":[{"href":"https:\/\/rosabelle-lingerie.ch\/index.php?rest_route=\/wp\/v2\/product\/6966","targetHints":{"allow":["GET"]}}],"collection":[{"href":"https:\/\/rosabelle-lingerie.ch\/index.php?rest_route=\/wp\/v2\/product"}],"about":[{"href":"https:\/\/rosabelle-lingerie.ch\/index.php?rest_route=\/wp\/v2\/types\/product"}],"replies":[{"embeddable":true,"href":"https:\/\/rosabelle-lingerie.ch\/index.php?rest_route=%2Fwp%2Fv2%2Fcomments&post=6966"}],"wp:featuredmedia":[{"embeddable":true,"href":"https:\/\/rosabelle-lingerie.ch\/index.php?rest_route=\/wp\/v2\/media\/6969"}],"wp:attachment":[{"href":"https:\/\/rosabelle-lingerie.ch\/index.php?rest_route=%2Fwp%2Fv2%2Fmedia&parent=6966"}],"wp:term":[{"taxonomy":"product_brand","embeddable":true,"href":"https:\/\/rosabelle-lingerie.ch\/index.php?rest_route=%2Fwp%2Fv2%2Fproduct_brand&post=6966"},{"taxonomy":"product_cat","embeddable":true,"href":"https:\/\/rosabelle-lingerie.ch\/index.php?rest_route=%2Fwp%2Fv2%2Fproduct_cat&post=6966"},{"taxonomy":"product_tag","embeddable":true,"href":"https:\/\/rosabelle-lingerie.ch\/index.php?rest_route=%2Fwp%2Fv2%2Fproduct_tag&post=6966"}],"curies":[{"name":"wp","href":"https:\/\/api.w.org\/{rel}","templated":true}]}}