{"id":6954,"date":"2026-05-13T16:01:11","date_gmt":"2026-05-13T14:01:11","guid":{"rendered":"https:\/\/rosabelle-lingerie.ch\/?post_type=product&#038;p=6954"},"modified":"2026-05-13T16:01:11","modified_gmt":"2026-05-13T14:01:11","slug":"maillot-de-bain-ysabel-mora-rouge","status":"publish","type":"product","link":"https:\/\/rosabelle-lingerie.ch\/?product=maillot-de-bain-ysabel-mora-rouge","title":{"rendered":"Maillot de bain Ysabel Mora, rouge"},"content":{"rendered":"<p>Maillot de bain amincissant. Le haut, sans rembourrage et \u00e0 armatures, minimise le volume de la poitrine. Bretelles r\u00e9glables et dos multipositions. Id\u00e9al pour un look estival tout en confort.<\/p>\n","protected":false},"excerpt":{"rendered":"<p>Maillot de bain amincissant. Le haut, sans rembourrage et \u00e0 armatures, minimise le volume de la poitrine. Bretelles r\u00e9glables et dos multipositions. Id\u00e9al pour un look estival tout en confort.<\/p>\n","protected":false},"featured_media":6956,"comment_status":"open","ping_status":"closed","template":"","meta":[],"product_brand":[],"product_cat":[20,185,394],"product_tag":[],"class_list":{"0":"post-6954","1":"product","2":"type-product","3":"status-publish","4":"has-post-thumbnail","6":"product_cat-maillot-bain","7":"product_cat-mode-fashion","8":"product_cat-nouveautes","9":"pa_sizes-36c","10":"pa_sizes-38c","11":"pa_sizes-42c","12":"pa_sizes-44c","13":"latest_post","15":"first","16":"instock","17":"shipping-taxable","18":"purchasable","19":"product-type-variable"},"_links":{"self":[{"href":"https:\/\/rosabelle-lingerie.ch\/index.php?rest_route=\/wp\/v2\/product\/6954","targetHints":{"allow":["GET"]}}],"collection":[{"href":"https:\/\/rosabelle-lingerie.ch\/index.php?rest_route=\/wp\/v2\/product"}],"about":[{"href":"https:\/\/rosabelle-lingerie.ch\/index.php?rest_route=\/wp\/v2\/types\/product"}],"replies":[{"embeddable":true,"href":"https:\/\/rosabelle-lingerie.ch\/index.php?rest_route=%2Fwp%2Fv2%2Fcomments&post=6954"}],"wp:featuredmedia":[{"embeddable":true,"href":"https:\/\/rosabelle-lingerie.ch\/index.php?rest_route=\/wp\/v2\/media\/6956"}],"wp:attachment":[{"href":"https:\/\/rosabelle-lingerie.ch\/index.php?rest_route=%2Fwp%2Fv2%2Fmedia&parent=6954"}],"wp:term":[{"taxonomy":"product_brand","embeddable":true,"href":"https:\/\/rosabelle-lingerie.ch\/index.php?rest_route=%2Fwp%2Fv2%2Fproduct_brand&post=6954"},{"taxonomy":"product_cat","embeddable":true,"href":"https:\/\/rosabelle-lingerie.ch\/index.php?rest_route=%2Fwp%2Fv2%2Fproduct_cat&post=6954"},{"taxonomy":"product_tag","embeddable":true,"href":"https:\/\/rosabelle-lingerie.ch\/index.php?rest_route=%2Fwp%2Fv2%2Fproduct_tag&post=6954"}],"curies":[{"name":"wp","href":"https:\/\/api.w.org\/{rel}","templated":true}]}}