{"id":6950,"date":"2026-05-12T18:02:11","date_gmt":"2026-05-12T16:02:11","guid":{"rendered":"https:\/\/rosabelle-lingerie.ch\/?post_type=product&#038;p=6950"},"modified":"2026-05-12T18:02:11","modified_gmt":"2026-05-12T16:02:11","slug":"tankini-anita-style-maily","status":"publish","type":"product","link":"https:\/\/rosabelle-lingerie.ch\/?product=tankini-anita-style-maily","title":{"rendered":"Tankini Anita, Style Maily"},"content":{"rendered":"<p>Charmant et f\u00e9minin ! Le haut de tankini Maily d\u00e9voile un profond d\u00e9collet\u00e9 en V. Le charmant style drap\u00e9 galbe id\u00e9alement la silhouette pour la plage ou la piscine. Des armatures galbantes forment un beau d\u00e9collet\u00e9. La forme l\u00e9g\u00e8rement trap\u00e8ze amincit visuellement la taille.<\/p>\n","protected":false},"excerpt":{"rendered":"<p>Charmant et f\u00e9minin ! Le haut de tankini Maily d\u00e9voile un profond d\u00e9collet\u00e9 en V. Le charmant style drap\u00e9 galbe id\u00e9alement la silhouette pour la plage ou la piscine. Des armatures galbantes forment un beau d\u00e9collet\u00e9. La forme l\u00e9g\u00e8rement trap\u00e8ze amincit visuellement la taille.<\/p>\n","protected":false},"featured_media":6951,"comment_status":"open","ping_status":"closed","template":"","meta":[],"product_brand":[],"product_cat":[20,185],"product_tag":[588],"class_list":{"0":"post-6950","1":"product","2":"type-product","3":"status-publish","4":"has-post-thumbnail","6":"product_cat-maillot-bain","7":"product_cat-mode-fashion","8":"product_tag-8495-1","9":"pa_sizes-38c","10":"pa_sizes-40c","11":"latest_post","13":"first","14":"instock","15":"shipping-taxable","16":"purchasable","17":"product-type-variable"},"_links":{"self":[{"href":"https:\/\/rosabelle-lingerie.ch\/index.php?rest_route=\/wp\/v2\/product\/6950","targetHints":{"allow":["GET"]}}],"collection":[{"href":"https:\/\/rosabelle-lingerie.ch\/index.php?rest_route=\/wp\/v2\/product"}],"about":[{"href":"https:\/\/rosabelle-lingerie.ch\/index.php?rest_route=\/wp\/v2\/types\/product"}],"replies":[{"embeddable":true,"href":"https:\/\/rosabelle-lingerie.ch\/index.php?rest_route=%2Fwp%2Fv2%2Fcomments&post=6950"}],"wp:featuredmedia":[{"embeddable":true,"href":"https:\/\/rosabelle-lingerie.ch\/index.php?rest_route=\/wp\/v2\/media\/6951"}],"wp:attachment":[{"href":"https:\/\/rosabelle-lingerie.ch\/index.php?rest_route=%2Fwp%2Fv2%2Fmedia&parent=6950"}],"wp:term":[{"taxonomy":"product_brand","embeddable":true,"href":"https:\/\/rosabelle-lingerie.ch\/index.php?rest_route=%2Fwp%2Fv2%2Fproduct_brand&post=6950"},{"taxonomy":"product_cat","embeddable":true,"href":"https:\/\/rosabelle-lingerie.ch\/index.php?rest_route=%2Fwp%2Fv2%2Fproduct_cat&post=6950"},{"taxonomy":"product_tag","embeddable":true,"href":"https:\/\/rosabelle-lingerie.ch\/index.php?rest_route=%2Fwp%2Fv2%2Fproduct_tag&post=6950"}],"curies":[{"name":"wp","href":"https:\/\/api.w.org\/{rel}","templated":true}]}}