{"id":6939,"date":"2026-05-12T09:40:54","date_gmt":"2026-05-12T07:40:54","guid":{"rendered":"https:\/\/rosabelle-lingerie.ch\/?post_type=product&#038;p=6939"},"modified":"2026-05-12T09:56:47","modified_gmt":"2026-05-12T07:56:47","slug":"anita-lucia-avec-amatures","status":"publish","type":"product","link":"https:\/\/rosabelle-lingerie.ch\/?product=anita-lucia-avec-amatures","title":{"rendered":"Anita, Lucia avec amatures"},"content":{"rendered":"<p>Raffin\u00e9 et intemporel : la broderie florale graphique de la gamme Lucia attire tous les regards. Toutes les femmes qui recherchent un joli galbe et une stabilit\u00e9 accrue gr\u00e2ce aux armatures trouvent avec le soutien-gorge confort Lucia une \u00e9l\u00e9gante alternative au soutien-gorge all\u00e8gement. Le bon \u00e9quilibre entre la coupe et la mati\u00e8re assure un maintien fiable jusqu&rsquo;au bonnet F alors que l&rsquo;\u00e9l\u00e9gance n&rsquo;est pas en reste gr\u00e2ce au petit ruban plac\u00e9 \u00e0 l&rsquo;entre-bonnets.<\/p>\n","protected":false},"excerpt":{"rendered":"<p>Tailles disponibles:<br \/>\n75 \u00e0 110 &#8211; Bonnets B \u00e0 F<\/p>\n<p>Couleurs disponibles: noir &#8211; crystal &#8211; rose poudr\u00e9<\/p>\n","protected":false},"featured_media":6931,"comment_status":"open","ping_status":"closed","template":"","meta":[],"product_brand":[],"product_cat":[41,185],"product_tag":[83],"class_list":{"0":"post-6939","1":"product","2":"type-product","3":"status-publish","4":"has-post-thumbnail","6":"product_cat-lingerie","7":"product_cat-mode-fashion","8":"product_tag-83","9":"latest_post","11":"first","12":"instock","13":"shipping-taxable","14":"purchasable","15":"product-type-simple"},"_links":{"self":[{"href":"https:\/\/rosabelle-lingerie.ch\/index.php?rest_route=\/wp\/v2\/product\/6939","targetHints":{"allow":["GET"]}}],"collection":[{"href":"https:\/\/rosabelle-lingerie.ch\/index.php?rest_route=\/wp\/v2\/product"}],"about":[{"href":"https:\/\/rosabelle-lingerie.ch\/index.php?rest_route=\/wp\/v2\/types\/product"}],"replies":[{"embeddable":true,"href":"https:\/\/rosabelle-lingerie.ch\/index.php?rest_route=%2Fwp%2Fv2%2Fcomments&post=6939"}],"wp:featuredmedia":[{"embeddable":true,"href":"https:\/\/rosabelle-lingerie.ch\/index.php?rest_route=\/wp\/v2\/media\/6931"}],"wp:attachment":[{"href":"https:\/\/rosabelle-lingerie.ch\/index.php?rest_route=%2Fwp%2Fv2%2Fmedia&parent=6939"}],"wp:term":[{"taxonomy":"product_brand","embeddable":true,"href":"https:\/\/rosabelle-lingerie.ch\/index.php?rest_route=%2Fwp%2Fv2%2Fproduct_brand&post=6939"},{"taxonomy":"product_cat","embeddable":true,"href":"https:\/\/rosabelle-lingerie.ch\/index.php?rest_route=%2Fwp%2Fv2%2Fproduct_cat&post=6939"},{"taxonomy":"product_tag","embeddable":true,"href":"https:\/\/rosabelle-lingerie.ch\/index.php?rest_route=%2Fwp%2Fv2%2Fproduct_tag&post=6939"}],"curies":[{"name":"wp","href":"https:\/\/api.w.org\/{rel}","templated":true}]}}