{"id":6916,"date":"2026-05-11T17:36:30","date_gmt":"2026-05-11T15:36:30","guid":{"rendered":"https:\/\/rosabelle-lingerie.ch\/?post_type=product&#038;p=6916"},"modified":"2026-05-12T09:57:42","modified_gmt":"2026-05-12T07:57:42","slug":"ysabel-mora-alba","status":"publish","type":"product","link":"https:\/\/rosabelle-lingerie.ch\/?product=ysabel-mora-alba","title":{"rendered":"Ysabel Mora, Alba"},"content":{"rendered":"<p>Soutien-gorge sans armatures avec rembourrage. D\u00e9licate dentelle florale pour l&rsquo;\u00e9l\u00e9gance et la sensualit\u00e9.<\/p>\n","protected":false},"excerpt":{"rendered":"<p>Tailles disponibles:<br \/>\n70 \u00e0 85 Bonnet B<br \/>\n70 \u00e0 85 Bonnet C<\/p>\n<p>Couleurs disponibles: blanc &#8211; noir &#8211; peau<\/p>\n","protected":false},"featured_media":6920,"comment_status":"open","ping_status":"closed","template":"","meta":[],"product_brand":[],"product_cat":[41,185],"product_tag":[585],"class_list":{"0":"post-6916","1":"product","2":"type-product","3":"status-publish","4":"has-post-thumbnail","6":"product_cat-lingerie","7":"product_cat-mode-fashion","8":"product_tag-585","9":"latest_post","11":"first","12":"instock","13":"shipping-taxable","14":"purchasable","15":"product-type-simple"},"_links":{"self":[{"href":"https:\/\/rosabelle-lingerie.ch\/index.php?rest_route=\/wp\/v2\/product\/6916","targetHints":{"allow":["GET"]}}],"collection":[{"href":"https:\/\/rosabelle-lingerie.ch\/index.php?rest_route=\/wp\/v2\/product"}],"about":[{"href":"https:\/\/rosabelle-lingerie.ch\/index.php?rest_route=\/wp\/v2\/types\/product"}],"replies":[{"embeddable":true,"href":"https:\/\/rosabelle-lingerie.ch\/index.php?rest_route=%2Fwp%2Fv2%2Fcomments&post=6916"}],"wp:featuredmedia":[{"embeddable":true,"href":"https:\/\/rosabelle-lingerie.ch\/index.php?rest_route=\/wp\/v2\/media\/6920"}],"wp:attachment":[{"href":"https:\/\/rosabelle-lingerie.ch\/index.php?rest_route=%2Fwp%2Fv2%2Fmedia&parent=6916"}],"wp:term":[{"taxonomy":"product_brand","embeddable":true,"href":"https:\/\/rosabelle-lingerie.ch\/index.php?rest_route=%2Fwp%2Fv2%2Fproduct_brand&post=6916"},{"taxonomy":"product_cat","embeddable":true,"href":"https:\/\/rosabelle-lingerie.ch\/index.php?rest_route=%2Fwp%2Fv2%2Fproduct_cat&post=6916"},{"taxonomy":"product_tag","embeddable":true,"href":"https:\/\/rosabelle-lingerie.ch\/index.php?rest_route=%2Fwp%2Fv2%2Fproduct_tag&post=6916"}],"curies":[{"name":"wp","href":"https:\/\/api.w.org\/{rel}","templated":true}]}}