{"id":6871,"date":"2026-05-02T15:12:54","date_gmt":"2026-05-02T13:12:54","guid":{"rendered":"https:\/\/rosabelle-lingerie.ch\/?post_type=product&#038;p=6871"},"modified":"2026-05-02T15:12:54","modified_gmt":"2026-05-02T13:12:54","slug":"bikini-minimiseur-y-mora-orange","status":"publish","type":"product","link":"https:\/\/rosabelle-lingerie.ch\/?product=bikini-minimiseur-y-mora-orange","title":{"rendered":"Bikini minimiseur Y. Mora, orange"},"content":{"rendered":"<p>Haut de bikini minimaliste. \u00c0 armatures et sans rembourrage. Bretelles r\u00e9glables au dos. Tissu micropiqu\u00e9. Bonnet C.<\/p>\n","protected":false},"excerpt":{"rendered":"<p>Haut de bikini minimaliste. \u00c0 armatures et sans rembourrage. Bretelles r\u00e9glables au dos. Tissu micropiqu\u00e9. Bonnet C.<\/p>\n","protected":false},"featured_media":6875,"comment_status":"open","ping_status":"closed","template":"","meta":[],"product_brand":[],"product_cat":[20,185,394],"product_tag":[581],"class_list":{"0":"post-6871","1":"product","2":"type-product","3":"status-publish","4":"has-post-thumbnail","6":"product_cat-maillot-bain","7":"product_cat-mode-fashion","8":"product_cat-nouveautes","9":"product_tag-581","10":"pa_sizes-36c","11":"pa_sizes-38c","12":"pa_sizes-40c","13":"pa_sizes-42c","14":"pa_sizes-44c","15":"latest_post","17":"first","18":"instock","19":"shipping-taxable","20":"purchasable","21":"product-type-variable"},"_links":{"self":[{"href":"https:\/\/rosabelle-lingerie.ch\/index.php?rest_route=\/wp\/v2\/product\/6871","targetHints":{"allow":["GET"]}}],"collection":[{"href":"https:\/\/rosabelle-lingerie.ch\/index.php?rest_route=\/wp\/v2\/product"}],"about":[{"href":"https:\/\/rosabelle-lingerie.ch\/index.php?rest_route=\/wp\/v2\/types\/product"}],"replies":[{"embeddable":true,"href":"https:\/\/rosabelle-lingerie.ch\/index.php?rest_route=%2Fwp%2Fv2%2Fcomments&post=6871"}],"wp:featuredmedia":[{"embeddable":true,"href":"https:\/\/rosabelle-lingerie.ch\/index.php?rest_route=\/wp\/v2\/media\/6875"}],"wp:attachment":[{"href":"https:\/\/rosabelle-lingerie.ch\/index.php?rest_route=%2Fwp%2Fv2%2Fmedia&parent=6871"}],"wp:term":[{"taxonomy":"product_brand","embeddable":true,"href":"https:\/\/rosabelle-lingerie.ch\/index.php?rest_route=%2Fwp%2Fv2%2Fproduct_brand&post=6871"},{"taxonomy":"product_cat","embeddable":true,"href":"https:\/\/rosabelle-lingerie.ch\/index.php?rest_route=%2Fwp%2Fv2%2Fproduct_cat&post=6871"},{"taxonomy":"product_tag","embeddable":true,"href":"https:\/\/rosabelle-lingerie.ch\/index.php?rest_route=%2Fwp%2Fv2%2Fproduct_tag&post=6871"}],"curies":[{"name":"wp","href":"https:\/\/api.w.org\/{rel}","templated":true}]}}