{"id":6865,"date":"2026-05-02T14:17:12","date_gmt":"2026-05-02T12:17:12","guid":{"rendered":"https:\/\/rosabelle-lingerie.ch\/?post_type=product&#038;p=6865"},"modified":"2026-05-02T14:17:12","modified_gmt":"2026-05-02T12:17:12","slug":"maillot-de-bain-y-mora-bandeau","status":"publish","type":"product","link":"https:\/\/rosabelle-lingerie.ch\/?product=maillot-de-bain-y-mora-bandeau","title":{"rendered":"Maillot de bain Y. Mora, bandeau"},"content":{"rendered":"<p>Maillot de bain amincissant \u00e0 compression ventre plat. Haut bandeau rembourr\u00e9 sans armatures. Bretelles r\u00e9glables et amovibles. Version sans bretelles disponible. Motif imprim\u00e9. Id\u00e9al pour un look estival tout en confort. Bonnet B.<\/p>\n","protected":false},"excerpt":{"rendered":"<p>Maillot de bain amincissant \u00e0 compression ventre plat. Haut bandeau rembourr\u00e9 sans armatures. Bretelles r\u00e9glables et amovibles. Version sans bretelles disponible. Motif imprim\u00e9. Id\u00e9al pour un look estival tout en confort. Bonnet B.<\/p>\n","protected":false},"featured_media":6868,"comment_status":"open","ping_status":"closed","template":"","meta":[],"product_brand":[],"product_cat":[20,185,394],"product_tag":[579],"class_list":{"0":"post-6865","1":"product","2":"type-product","3":"status-publish","4":"has-post-thumbnail","6":"product_cat-maillot-bain","7":"product_cat-mode-fashion","8":"product_cat-nouveautes","9":"product_tag-579","10":"pa_sizes-34b","11":"pa_sizes-36b","12":"pa_sizes-38b","13":"pa_sizes-40b","14":"pa_sizes-42b","15":"latest_post","17":"first","18":"instock","19":"shipping-taxable","20":"purchasable","21":"product-type-variable"},"_links":{"self":[{"href":"https:\/\/rosabelle-lingerie.ch\/index.php?rest_route=\/wp\/v2\/product\/6865","targetHints":{"allow":["GET"]}}],"collection":[{"href":"https:\/\/rosabelle-lingerie.ch\/index.php?rest_route=\/wp\/v2\/product"}],"about":[{"href":"https:\/\/rosabelle-lingerie.ch\/index.php?rest_route=\/wp\/v2\/types\/product"}],"replies":[{"embeddable":true,"href":"https:\/\/rosabelle-lingerie.ch\/index.php?rest_route=%2Fwp%2Fv2%2Fcomments&post=6865"}],"wp:featuredmedia":[{"embeddable":true,"href":"https:\/\/rosabelle-lingerie.ch\/index.php?rest_route=\/wp\/v2\/media\/6868"}],"wp:attachment":[{"href":"https:\/\/rosabelle-lingerie.ch\/index.php?rest_route=%2Fwp%2Fv2%2Fmedia&parent=6865"}],"wp:term":[{"taxonomy":"product_brand","embeddable":true,"href":"https:\/\/rosabelle-lingerie.ch\/index.php?rest_route=%2Fwp%2Fv2%2Fproduct_brand&post=6865"},{"taxonomy":"product_cat","embeddable":true,"href":"https:\/\/rosabelle-lingerie.ch\/index.php?rest_route=%2Fwp%2Fv2%2Fproduct_cat&post=6865"},{"taxonomy":"product_tag","embeddable":true,"href":"https:\/\/rosabelle-lingerie.ch\/index.php?rest_route=%2Fwp%2Fv2%2Fproduct_tag&post=6865"}],"curies":[{"name":"wp","href":"https:\/\/api.w.org\/{rel}","templated":true}]}}