{"id":6598,"date":"2026-04-10T16:51:58","date_gmt":"2026-04-10T14:51:58","guid":{"rendered":"https:\/\/rosabelle-lingerie.ch\/?post_type=product&#038;p=6598"},"modified":"2026-04-10T16:51:58","modified_gmt":"2026-04-10T14:51:58","slug":"bikini-minimiseur-y-mora","status":"publish","type":"product","link":"https:\/\/rosabelle-lingerie.ch\/?product=bikini-minimiseur-y-mora","title":{"rendered":"Bikini minimiseur Y. Mora"},"content":{"rendered":"<p>Bikini minimiseur. \u00c0 armatures et sans rembourrage, il r\u00e9duit le volume de la poitrine gr\u00e2ce \u00e0 sa compression au niveau des bonnets et du dos. Bretelles r\u00e9glables multipositions au dos. Tissu textur\u00e9 micropiqu\u00e9. \u00c0 associer avec le bas de bikini assorti pour un ensemble harmonieux.<\/p>\n","protected":false},"excerpt":{"rendered":"<p>Bikini minimiseur. \u00c0 armatures et sans rembourrage, il r\u00e9duit le volume de la poitrine gr\u00e2ce \u00e0 sa compression au niveau des bonnets et du dos. Bretelles r\u00e9glables multipositions au dos. Tissu textur\u00e9 micropiqu\u00e9. \u00c0 associer avec le bas de bikini assorti pour un ensemble harmonieux.<\/p>\n","protected":false},"featured_media":6599,"comment_status":"open","ping_status":"closed","template":"","meta":[],"product_brand":[],"product_cat":[20,185,394],"product_tag":[560],"class_list":{"0":"post-6598","1":"product","2":"type-product","3":"status-publish","4":"has-post-thumbnail","6":"product_cat-maillot-bain","7":"product_cat-mode-fashion","8":"product_cat-nouveautes","9":"product_tag-560","10":"pa_sizes-38c","11":"pa_sizes-40c","12":"pa_sizes-42c","13":"pa_sizes-44c","14":"latest_post","16":"first","17":"instock","18":"shipping-taxable","19":"purchasable","20":"product-type-variable"},"_links":{"self":[{"href":"https:\/\/rosabelle-lingerie.ch\/index.php?rest_route=\/wp\/v2\/product\/6598","targetHints":{"allow":["GET"]}}],"collection":[{"href":"https:\/\/rosabelle-lingerie.ch\/index.php?rest_route=\/wp\/v2\/product"}],"about":[{"href":"https:\/\/rosabelle-lingerie.ch\/index.php?rest_route=\/wp\/v2\/types\/product"}],"replies":[{"embeddable":true,"href":"https:\/\/rosabelle-lingerie.ch\/index.php?rest_route=%2Fwp%2Fv2%2Fcomments&post=6598"}],"wp:featuredmedia":[{"embeddable":true,"href":"https:\/\/rosabelle-lingerie.ch\/index.php?rest_route=\/wp\/v2\/media\/6599"}],"wp:attachment":[{"href":"https:\/\/rosabelle-lingerie.ch\/index.php?rest_route=%2Fwp%2Fv2%2Fmedia&parent=6598"}],"wp:term":[{"taxonomy":"product_brand","embeddable":true,"href":"https:\/\/rosabelle-lingerie.ch\/index.php?rest_route=%2Fwp%2Fv2%2Fproduct_brand&post=6598"},{"taxonomy":"product_cat","embeddable":true,"href":"https:\/\/rosabelle-lingerie.ch\/index.php?rest_route=%2Fwp%2Fv2%2Fproduct_cat&post=6598"},{"taxonomy":"product_tag","embeddable":true,"href":"https:\/\/rosabelle-lingerie.ch\/index.php?rest_route=%2Fwp%2Fv2%2Fproduct_tag&post=6598"}],"curies":[{"name":"wp","href":"https:\/\/api.w.org\/{rel}","templated":true}]}}