{"id":6586,"date":"2026-04-10T15:30:19","date_gmt":"2026-04-10T13:30:19","guid":{"rendered":"https:\/\/rosabelle-lingerie.ch\/?post_type=product&#038;p=6586"},"modified":"2026-04-10T16:01:00","modified_gmt":"2026-04-10T14:01:00","slug":"maillot-de-bain-y-mora-brun","status":"publish","type":"product","link":"https:\/\/rosabelle-lingerie.ch\/?product=maillot-de-bain-y-mora-brun","title":{"rendered":"Maillot de bain Y. Mora, brun"},"content":{"rendered":"<p>Maillot de bain minimiseur bonnet B. Offre une l\u00e9g\u00e8re compression sans armatures et avec des coussinets amovibles dans un design \u00e9l\u00e9gant et lisse.<\/p>\n","protected":false},"excerpt":{"rendered":"<p>Maillot de bain minimiseur bonnet B. Offre une l\u00e9g\u00e8re compression sans armatures et avec des coussinets amovibles dans un design \u00e9l\u00e9gant et lisse.<\/p>\n","protected":false},"featured_media":6588,"comment_status":"open","ping_status":"closed","template":"","meta":[],"product_brand":[],"product_cat":[20,185,394],"product_tag":[558],"class_list":{"0":"post-6586","1":"product","2":"type-product","3":"status-publish","4":"has-post-thumbnail","6":"product_cat-maillot-bain","7":"product_cat-mode-fashion","8":"product_cat-nouveautes","9":"product_tag-558","10":"pa_sizes-34b","11":"pa_sizes-36b","12":"pa_sizes-38b","13":"pa_sizes-40b","14":"latest_post","16":"first","17":"instock","18":"shipping-taxable","19":"purchasable","20":"product-type-variable"},"_links":{"self":[{"href":"https:\/\/rosabelle-lingerie.ch\/index.php?rest_route=\/wp\/v2\/product\/6586","targetHints":{"allow":["GET"]}}],"collection":[{"href":"https:\/\/rosabelle-lingerie.ch\/index.php?rest_route=\/wp\/v2\/product"}],"about":[{"href":"https:\/\/rosabelle-lingerie.ch\/index.php?rest_route=\/wp\/v2\/types\/product"}],"replies":[{"embeddable":true,"href":"https:\/\/rosabelle-lingerie.ch\/index.php?rest_route=%2Fwp%2Fv2%2Fcomments&post=6586"}],"wp:featuredmedia":[{"embeddable":true,"href":"https:\/\/rosabelle-lingerie.ch\/index.php?rest_route=\/wp\/v2\/media\/6588"}],"wp:attachment":[{"href":"https:\/\/rosabelle-lingerie.ch\/index.php?rest_route=%2Fwp%2Fv2%2Fmedia&parent=6586"}],"wp:term":[{"taxonomy":"product_brand","embeddable":true,"href":"https:\/\/rosabelle-lingerie.ch\/index.php?rest_route=%2Fwp%2Fv2%2Fproduct_brand&post=6586"},{"taxonomy":"product_cat","embeddable":true,"href":"https:\/\/rosabelle-lingerie.ch\/index.php?rest_route=%2Fwp%2Fv2%2Fproduct_cat&post=6586"},{"taxonomy":"product_tag","embeddable":true,"href":"https:\/\/rosabelle-lingerie.ch\/index.php?rest_route=%2Fwp%2Fv2%2Fproduct_tag&post=6586"}],"curies":[{"name":"wp","href":"https:\/\/api.w.org\/{rel}","templated":true}]}}