{"id":6552,"date":"2026-03-14T14:53:27","date_gmt":"2026-03-14T13:53:27","guid":{"rendered":"https:\/\/dev.rosabelle-lingerie.ch\/?post_type=product&#038;p=6552"},"modified":"2026-03-14T14:59:44","modified_gmt":"2026-03-14T13:59:44","slug":"maillot-de-bain-nouveau","status":"publish","type":"product","link":"https:\/\/rosabelle-lingerie.ch\/?product=maillot-de-bain-nouveau","title":{"rendered":"Maillot de bain (nouveau)"},"content":{"rendered":"<p>Maillot de bain avec poches int\u00e9gr\u00e9es. Bretelles r\u00e9glables et dos montant.<\/p>\n","protected":false},"excerpt":{"rendered":"<p>Magnifique maillot de bain avec motifs en bonnet B\/C . Structure pour int\u00e9grer une forme. Bretelles r\u00e9glables et dos couvrant. Pas trop \u00e9chancr\u00e9 au niveau des hanches.<\/p>\n","protected":false},"featured_media":6557,"comment_status":"open","ping_status":"closed","template":"","meta":[],"product_brand":[],"product_cat":[50,20,209],"product_tag":[548],"class_list":{"0":"post-6552","1":"product","2":"type-product","3":"status-publish","4":"has-post-thumbnail","6":"product_cat-balneaire-medical","7":"product_cat-maillot-bain","8":"product_cat-nouveautes-de-printemps","9":"product_tag-548","10":"pa_sizes-114","11":"pa_sizes-115","12":"pa_sizes-127","13":"latest_post","15":"first","16":"instock","17":"shipping-taxable","18":"purchasable","19":"product-type-variable"},"_links":{"self":[{"href":"https:\/\/rosabelle-lingerie.ch\/index.php?rest_route=\/wp\/v2\/product\/6552","targetHints":{"allow":["GET"]}}],"collection":[{"href":"https:\/\/rosabelle-lingerie.ch\/index.php?rest_route=\/wp\/v2\/product"}],"about":[{"href":"https:\/\/rosabelle-lingerie.ch\/index.php?rest_route=\/wp\/v2\/types\/product"}],"replies":[{"embeddable":true,"href":"https:\/\/rosabelle-lingerie.ch\/index.php?rest_route=%2Fwp%2Fv2%2Fcomments&post=6552"}],"wp:featuredmedia":[{"embeddable":true,"href":"https:\/\/rosabelle-lingerie.ch\/index.php?rest_route=\/wp\/v2\/media\/6557"}],"wp:attachment":[{"href":"https:\/\/rosabelle-lingerie.ch\/index.php?rest_route=%2Fwp%2Fv2%2Fmedia&parent=6552"}],"wp:term":[{"taxonomy":"product_brand","embeddable":true,"href":"https:\/\/rosabelle-lingerie.ch\/index.php?rest_route=%2Fwp%2Fv2%2Fproduct_brand&post=6552"},{"taxonomy":"product_cat","embeddable":true,"href":"https:\/\/rosabelle-lingerie.ch\/index.php?rest_route=%2Fwp%2Fv2%2Fproduct_cat&post=6552"},{"taxonomy":"product_tag","embeddable":true,"href":"https:\/\/rosabelle-lingerie.ch\/index.php?rest_route=%2Fwp%2Fv2%2Fproduct_tag&post=6552"}],"curies":[{"name":"wp","href":"https:\/\/api.w.org\/{rel}","templated":true}]}}