{"id":6538,"date":"2026-01-26T16:59:15","date_gmt":"2026-01-26T15:59:15","guid":{"rendered":"https:\/\/rosabelle-lingerie.ch\/?post_type=product&#038;p=6538"},"modified":"2026-01-26T16:59:15","modified_gmt":"2026-01-26T15:59:15","slug":"pull-thermique-ysabel-mora","status":"publish","type":"product","link":"https:\/\/rosabelle-lingerie.ch\/?product=pull-thermique-ysabel-mora","title":{"rendered":"Pull thermique, Ysabel Mora"},"content":{"rendered":"<p>Obtenez le m\u00e9lange parfait entre confort et \u00e9l\u00e9gance avec le t-shirt thermique \u00e0 manches longues avec dentelle. Il deviendra un incontournable du quotidien. Avec technologie thermique pour vous offrir un v\u00eatement polyvalent ; Quelle que soit l&rsquo;occasion, il vous prot\u00e8ge du froid sans renoncer \u00e0 votre style.<\/p>\n","protected":false},"excerpt":{"rendered":"<p>Obtenez le m\u00e9lange parfait entre confort et \u00e9l\u00e9gance avec le t-shirt thermique \u00e0 manches longues avec dentelle. Il deviendra un incontournable du quotidien. Avec technologie thermique pour vous offrir un v\u00eatement polyvalent ; Quelle que soit l&rsquo;occasion, il vous prot\u00e8ge du froid sans renoncer \u00e0 votre style.<\/p>\n","protected":false},"featured_media":6542,"comment_status":"open","ping_status":"closed","template":"","meta":[],"product_brand":[],"product_cat":[450,185,394],"product_tag":[452],"class_list":{"0":"post-6538","1":"product","2":"type-product","3":"status-publish","4":"has-post-thumbnail","6":"product_cat-lingerie-thermique","7":"product_cat-mode-fashion","8":"product_cat-nouveautes","9":"product_tag-452","10":"pa_color-grenat","11":"pa_color-marine","12":"pa_color-black","13":"pa_sizes-l","14":"pa_sizes-m","15":"pa_sizes-s","16":"pa_sizes-xl","17":"pa_sizes-xxl","18":"latest_post","20":"first","21":"instock","22":"shipping-taxable","23":"purchasable","24":"product-type-variable"},"_links":{"self":[{"href":"https:\/\/rosabelle-lingerie.ch\/index.php?rest_route=\/wp\/v2\/product\/6538","targetHints":{"allow":["GET"]}}],"collection":[{"href":"https:\/\/rosabelle-lingerie.ch\/index.php?rest_route=\/wp\/v2\/product"}],"about":[{"href":"https:\/\/rosabelle-lingerie.ch\/index.php?rest_route=\/wp\/v2\/types\/product"}],"replies":[{"embeddable":true,"href":"https:\/\/rosabelle-lingerie.ch\/index.php?rest_route=%2Fwp%2Fv2%2Fcomments&post=6538"}],"wp:featuredmedia":[{"embeddable":true,"href":"https:\/\/rosabelle-lingerie.ch\/index.php?rest_route=\/wp\/v2\/media\/6542"}],"wp:attachment":[{"href":"https:\/\/rosabelle-lingerie.ch\/index.php?rest_route=%2Fwp%2Fv2%2Fmedia&parent=6538"}],"wp:term":[{"taxonomy":"product_brand","embeddable":true,"href":"https:\/\/rosabelle-lingerie.ch\/index.php?rest_route=%2Fwp%2Fv2%2Fproduct_brand&post=6538"},{"taxonomy":"product_cat","embeddable":true,"href":"https:\/\/rosabelle-lingerie.ch\/index.php?rest_route=%2Fwp%2Fv2%2Fproduct_cat&post=6538"},{"taxonomy":"product_tag","embeddable":true,"href":"https:\/\/rosabelle-lingerie.ch\/index.php?rest_route=%2Fwp%2Fv2%2Fproduct_tag&post=6538"}],"curies":[{"name":"wp","href":"https:\/\/api.w.org\/{rel}","templated":true}]}}