{"id":5318,"date":"2023-10-13T18:05:05","date_gmt":"2023-10-13T16:05:05","guid":{"rendered":"https:\/\/rosabelle-lingerie.ch\/?post_type=product&#038;p=5318"},"modified":"2023-10-14T11:08:29","modified_gmt":"2023-10-14T09:08:29","slug":"culotte-reductrice-ysabel-mora","status":"publish","type":"product","link":"https:\/\/rosabelle-lingerie.ch\/?product=culotte-reductrice-ysabel-mora","title":{"rendered":"Culotte r\u00e9ductrice Ysabel Mora"},"content":{"rendered":"<p>Culotte haute r\u00e9ductrice avec un fort contr\u00f4le sur le milieu et le bas de l&rsquo;abdomen, la taille et le dos. Elle int\u00e8gre une pi\u00e8ce centrale de renfort pour obtenir un effet ventre plat.<\/p>\n<p>Bande de silicone pour assurer son adaptabilit\u00e9.<\/p>\n<p>Culotte classique associ\u00e9e \u00e0 un tissu \u00e9lastique d\u00e9coup\u00e9 au laser sur les fesses avec un effet string. Coutures ultra-plates qui le rendent imperceptible sous les v\u00eatements.<\/p>\n<p>Le confort et le maintien d&rsquo;un panty et le raffinement d&rsquo;un string, le tout dans un m\u00eame v\u00eatement.<\/p>\n","protected":false},"excerpt":{"rendered":"<p>Culotte r\u00e9ductrice, effet ventre plat. Invisible sous les v\u00eatements. Confort et maintien parfaits.<\/p>\n","protected":false},"featured_media":5328,"comment_status":"open","ping_status":"closed","template":"","meta":[],"product_brand":[],"product_cat":[41],"product_tag":[454],"class_list":{"0":"post-5318","1":"product","2":"type-product","3":"status-publish","4":"has-post-thumbnail","6":"product_cat-lingerie","7":"product_tag-454","8":"pa_color-black","9":"pa_color-nude","10":"pa_sizes-l","11":"pa_sizes-l-xl","12":"pa_sizes-m","13":"pa_sizes-xxl","14":"latest_post","16":"first","17":"instock","18":"shipping-taxable","19":"purchasable","20":"product-type-variable"},"_links":{"self":[{"href":"https:\/\/rosabelle-lingerie.ch\/index.php?rest_route=\/wp\/v2\/product\/5318","targetHints":{"allow":["GET"]}}],"collection":[{"href":"https:\/\/rosabelle-lingerie.ch\/index.php?rest_route=\/wp\/v2\/product"}],"about":[{"href":"https:\/\/rosabelle-lingerie.ch\/index.php?rest_route=\/wp\/v2\/types\/product"}],"replies":[{"embeddable":true,"href":"https:\/\/rosabelle-lingerie.ch\/index.php?rest_route=%2Fwp%2Fv2%2Fcomments&post=5318"}],"wp:featuredmedia":[{"embeddable":true,"href":"https:\/\/rosabelle-lingerie.ch\/index.php?rest_route=\/wp\/v2\/media\/5328"}],"wp:attachment":[{"href":"https:\/\/rosabelle-lingerie.ch\/index.php?rest_route=%2Fwp%2Fv2%2Fmedia&parent=5318"}],"wp:term":[{"taxonomy":"product_brand","embeddable":true,"href":"https:\/\/rosabelle-lingerie.ch\/index.php?rest_route=%2Fwp%2Fv2%2Fproduct_brand&post=5318"},{"taxonomy":"product_cat","embeddable":true,"href":"https:\/\/rosabelle-lingerie.ch\/index.php?rest_route=%2Fwp%2Fv2%2Fproduct_cat&post=5318"},{"taxonomy":"product_tag","embeddable":true,"href":"https:\/\/rosabelle-lingerie.ch\/index.php?rest_route=%2Fwp%2Fv2%2Fproduct_tag&post=5318"}],"curies":[{"name":"wp","href":"https:\/\/api.w.org\/{rel}","templated":true}]}}