{"id":3018,"date":"2021-04-03T08:00:13","date_gmt":"2021-04-03T08:00:13","guid":{"rendered":"https:\/\/e38kxakofh.preview.infomaniak.website\/?post_type=product&#038;p=3018"},"modified":"2021-04-03T08:00:13","modified_gmt":"2021-04-03T08:00:13","slug":"sophia-soutien-gorge-topcomfort","status":"publish","type":"product","link":"https:\/\/dev.rosabelle-lingerie.ch\/?product=sophia-soutien-gorge-topcomfort","title":{"rendered":"Sophia Soutien-gorge TopComfort"},"content":{"rendered":"<p><strong>R\u00e9f\u00e9rence article 5809<\/strong><\/p>\n<p>Un ajustement hors pair ! L&rsquo;insert en tulle transparent se prolonge jusque dans l&rsquo;entre-bonnets \u00e9troit du soutien-gorge confort Sophia. R\u00e9sultat : Le d\u00e9collet\u00e9 semble a\u00e9rien et l\u00e9ger. La broderie florale des bonnets conf\u00e8re \u00e0 la gamme une \u00e9l\u00e9gance \u00e9pur\u00e9e et un style moderne. Les renforts \u00e9lastiques sur le d\u00e9collet\u00e9 et sur les emmanchures garantissent un maintien s\u00fbr et confortable, tandis que les bretelles molletonn\u00e9es all\u00e8gent agr\u00e9ablement.<\/p>\n","protected":false},"excerpt":{"rendered":"<p>JOLI SOUTIEN-GORGE SANS ARMATURE TOUT CONFORT<\/p>\n","protected":false},"featured_media":3019,"comment_status":"open","ping_status":"closed","template":"","meta":[],"product_brand":[],"product_cat":[41,18,19],"product_tag":[238],"class_list":{"0":"post-3018","1":"product","2":"type-product","3":"status-publish","4":"has-post-thumbnail","6":"product_cat-lingerie","7":"product_cat-lingerie-fine","8":"product_cat-lingerie-medicale","9":"product_tag-238","10":"pa_color-white","11":"pa_cups-b","12":"pa_cups-c","13":"pa_sizes-98","14":"pa_sizes-105","15":"pa_sizes-96","16":"pa_sizes-97","17":"latest_post","19":"first","20":"instock","21":"shipping-taxable","22":"purchasable","23":"product-type-variable"},"_links":{"self":[{"href":"https:\/\/dev.rosabelle-lingerie.ch\/index.php?rest_route=\/wp\/v2\/product\/3018","targetHints":{"allow":["GET"]}}],"collection":[{"href":"https:\/\/dev.rosabelle-lingerie.ch\/index.php?rest_route=\/wp\/v2\/product"}],"about":[{"href":"https:\/\/dev.rosabelle-lingerie.ch\/index.php?rest_route=\/wp\/v2\/types\/product"}],"replies":[{"embeddable":true,"href":"https:\/\/dev.rosabelle-lingerie.ch\/index.php?rest_route=%2Fwp%2Fv2%2Fcomments&post=3018"}],"wp:featuredmedia":[{"embeddable":true,"href":"https:\/\/dev.rosabelle-lingerie.ch\/index.php?rest_route=\/wp\/v2\/media\/3019"}],"wp:attachment":[{"href":"https:\/\/dev.rosabelle-lingerie.ch\/index.php?rest_route=%2Fwp%2Fv2%2Fmedia&parent=3018"}],"wp:term":[{"taxonomy":"product_brand","embeddable":true,"href":"https:\/\/dev.rosabelle-lingerie.ch\/index.php?rest_route=%2Fwp%2Fv2%2Fproduct_brand&post=3018"},{"taxonomy":"product_cat","embeddable":true,"href":"https:\/\/dev.rosabelle-lingerie.ch\/index.php?rest_route=%2Fwp%2Fv2%2Fproduct_cat&post=3018"},{"taxonomy":"product_tag","embeddable":true,"href":"https:\/\/dev.rosabelle-lingerie.ch\/index.php?rest_route=%2Fwp%2Fv2%2Fproduct_tag&post=3018"}],"curies":[{"name":"wp","href":"https:\/\/api.w.org\/{rel}","templated":true}]}}