{"id":48,"date":"2020-11-03T10:28:38","date_gmt":"2020-11-03T10:28:38","guid":{"rendered":"https:\/\/build.ernst.technology\/rosabelle-lingerie\/index.php\/boutique\/"},"modified":"2025-01-17T16:12:07","modified_gmt":"2025-01-17T15:12:07","slug":"boutique","status":"publish","type":"page","link":"https:\/\/rosabelle-lingerie.ch\/?page_id=48","title":{"rendered":"Votre Boutique de lingerie"},"content":{"rendered":"\n<p>Votre boutique<strong> ROSABELLE LINGERIE<\/strong> vous propose un large choix de mod\u00e8les en lingerie fine et m\u00e9dicale ainsi qu&rsquo;en mode baln\u00e9aire.  Nous vous accueillons avec prise des mesures  selon les horaires suivants : <\/p>\n\n\n\n<p><strong>Une carte de fid\u00e9lit\u00e9 qui reste chez nous vous sera propos\u00e9e lors de votre premier achat. Cette carte vous permet de b\u00e9n\u00e9ficier d&rsquo;un bon cadeau de chf 30.00 d\u00e8s chf 1000.00 d&rsquo;achats sur deux ans.<\/strong><\/p>\n\n\n\n<p class=\"has-text-align-center\"><strong>NOS HORAIRES <\/strong><\/p>\n\n\n\n<p>Lundi ouvert de 14h00 \u00e0 18h00 <\/p>\n\n\n\n<p>Mardi au vendredi de 09h00 \u00e0 12h30 et de 14h00 \u00e0 18h00 \/ vendredi fermeture \u00e0 18h30<\/p>\n\n\n\n<p>Samedi de 10h00 \u00e0 16h00<\/p>\n\n\n\n<p>Magasin 026\/322.55.00 &#8211; rosabelle.lingerie@bluewin.ch  <\/p>\n\n\n<div data-block-name=\"woocommerce\/featured-product\" data-edit-mode=\"false\" data-product-id=\"324\" class=\"wc-block-featured-product alignnone has-background-dim wp-block-woocommerce-featured-product\" style=\"min-height:500px;\"><div class=\"wc-block-featured-product__wrapper\"><div class=\"background-dim__overlay\" style=\"background-color: #000000\"><\/div><img decoding=\"async\" alt=\"SOUTIEN-GORGE CONFORT CLARA SANS ARMATURE - ANITA\" class=\"wc-block-featured-product__background-image\" src=\"https:\/\/rosabelle-lingerie.ch\/wp-content\/uploads\/2022\/11\/5859-596_01.jpg\" style=\"object-fit: none;object-position: 50% 50%;\" \/><h2 class=\"wc-block-featured-product__title\">SOUTIEN-GORGE CONFORT CLARA SANS ARMATURE &#8211; ANITA<\/h2><div class=\"wc-block-featured-product__description\"><p>SOUTIEN-GORGE CONFORT CLARA SANS ARMATURE ANITA &#8211; 5459<\/p>\n<p>DU BONNET B-D 75-120 \/ E-F 75-110 \/ G-H 75-110 I 75-110<\/p>\n<p>COULEUR NOIR &#8211; BLANC &#8211; PEAU &#8211; ROSE<\/p>\n<\/div><div class=\"wc-block-featured-product__price\"><span class=\"woocommerce-Price-amount amount\">119.90&nbsp;<span class=\"woocommerce-Price-currencySymbol\">&#067;&#072;&#070;<\/span><\/span><\/div><div class=\"wc-block-featured-product__inner-blocks\">\n\n<div class=\"wp-block-buttons is-content-justification-center is-layout-flex wp-container-core-buttons-is-layout-16018d1d wp-block-buttons-is-layout-flex\">\n<div class=\"wp-block-button\"><a class=\"wp-block-button__link wp-element-button\" href=\"https:\/\/rosabelle-lingerie.ch\/?product=soutien-gorge-confort-clara-sans-armature-anita-5459\">Acheter maintenant<\/a><\/div>\n<\/div>\n\n<\/div><\/div><\/div>\n\n\n\n\n<figure class=\"wp-block-gallery has-nested-images columns-default is-cropped wp-block-gallery-1 is-layout-flex wp-block-gallery-is-layout-flex\">\n<figure class=\"wp-block-image size-large\"><img decoding=\"async\" data-id=\"5950\" src=\"https:\/\/rosabelle-lingerie.ch\/wp-content\/uploads\/2025\/01\/5_Rosabelle_2-edited-scaled.jpg\" alt=\"\" class=\"wp-image-5950\" \/><\/figure>\n<\/figure>\n","protected":false},"excerpt":{"rendered":"<p>Votre boutique ROSABELLE LINGERIE vous propose un large choix de mod\u00e8les en lingerie fine et m\u00e9dicale ainsi qu&rsquo;en mode baln\u00e9aire. Nous vous accueillons avec prise des mesures selon les horaires suivants : Une carte de fid\u00e9lit\u00e9 qui reste chez nous vous sera propos\u00e9e lors de votre premier achat. Cette carte vous permet de b\u00e9n\u00e9ficier d&rsquo;un &hellip; <\/p>\n","protected":false},"author":1934,"featured_media":263,"parent":0,"menu_order":0,"comment_status":"closed","ping_status":"closed","template":"","meta":{"footnotes":""},"class_list":["post-48","page","type-page","status-publish","has-post-thumbnail","hentry","latest_post"],"_links":{"self":[{"href":"https:\/\/rosabelle-lingerie.ch\/index.php?rest_route=\/wp\/v2\/pages\/48","targetHints":{"allow":["GET"]}}],"collection":[{"href":"https:\/\/rosabelle-lingerie.ch\/index.php?rest_route=\/wp\/v2\/pages"}],"about":[{"href":"https:\/\/rosabelle-lingerie.ch\/index.php?rest_route=\/wp\/v2\/types\/page"}],"author":[{"embeddable":true,"href":"https:\/\/rosabelle-lingerie.ch\/index.php?rest_route=\/wp\/v2\/users\/1934"}],"replies":[{"embeddable":true,"href":"https:\/\/rosabelle-lingerie.ch\/index.php?rest_route=%2Fwp%2Fv2%2Fcomments&post=48"}],"version-history":[{"count":7,"href":"https:\/\/rosabelle-lingerie.ch\/index.php?rest_route=\/wp\/v2\/pages\/48\/revisions"}],"predecessor-version":[{"id":5951,"href":"https:\/\/rosabelle-lingerie.ch\/index.php?rest_route=\/wp\/v2\/pages\/48\/revisions\/5951"}],"wp:featuredmedia":[{"embeddable":true,"href":"https:\/\/rosabelle-lingerie.ch\/index.php?rest_route=\/wp\/v2\/media\/263"}],"wp:attachment":[{"href":"https:\/\/rosabelle-lingerie.ch\/index.php?rest_route=%2Fwp%2Fv2%2Fmedia&parent=48"}],"curies":[{"name":"wp","href":"https:\/\/api.w.org\/{rel}","templated":true}]}}